{"id":95,"date":"2025-02-24T19:22:22","date_gmt":"2025-02-24T18:22:22","guid":{"rendered":"http:\/\/wp.salinas.fr\/index.php\/front_page\/"},"modified":"2025-03-07T13:02:36","modified_gmt":"2025-03-07T12:02:36","slug":"front_page","status":"publish","type":"page","link":"https:\/\/wp.salinas.fr\/","title":{"rendered":"Accueil"},"content":{"rendered":"\n<div class=\"wp-block-group is-nowrap is-layout-flex wp-container-core-group-is-layout-6c531013 wp-block-group-is-layout-flex\">\n<div class=\"wp-block-cover is-light wp-container-content-9cfa9a5a\"><span aria-hidden=\"true\" class=\"wp-block-cover__background has-background-dim-10 has-background-dim\" style=\"background-color:#f1ede9\"><\/span><img loading=\"lazy\" decoding=\"async\" width=\"1350\" height=\"668\" class=\"wp-block-cover__image-background wp-image-146\" alt=\"\" src=\"https:\/\/wp.salinas.fr\/wp-content\/uploads\/2025\/02\/NLB-Visuel-site-2025_edited_edited.jpg\" style=\"object-position:4% 38%\" data-object-fit=\"cover\" data-object-position=\"4% 38%\" srcset=\"https:\/\/wp.salinas.fr\/wp-content\/uploads\/2025\/02\/NLB-Visuel-site-2025_edited_edited.jpg 1350w, https:\/\/wp.salinas.fr\/wp-content\/uploads\/2025\/02\/NLB-Visuel-site-2025_edited_edited-300x148.jpg 300w, https:\/\/wp.salinas.fr\/wp-content\/uploads\/2025\/02\/NLB-Visuel-site-2025_edited_edited-1024x507.jpg 1024w, https:\/\/wp.salinas.fr\/wp-content\/uploads\/2025\/02\/NLB-Visuel-site-2025_edited_edited-768x380.jpg 768w\" sizes=\"auto, (max-width: 1350px) 100vw, 1350px\" \/><div class=\"wp-block-cover__inner-container has-global-padding is-layout-constrained wp-block-cover-is-layout-constrained\">\n<blockquote class=\"wp-block-quote has-text-align-left is-style-default is-layout-flow wp-block-quote-is-layout-flow\">\n<p class=\"has-text-align-center has-fraunces-font-family has-xx-large-font-size\" style=\"font-style:normal;font-weight:600;letter-spacing:-1px;line-height:0.8\">Benvengut en <br>la chourma<\/p>\n<\/blockquote>\n<\/div><\/div>\n<\/div>\n\n\n\n\n\n<div class=\"wp-block-carousel-slider-slider\"><div class=\"carousel-slider-outer carousel-slider-outer-post-carousel carousel-slider-outer-1256 swiper navigation-visibility-always navigation-position-inside pagination-visibility-always pagination-shape-circle pagination-align-center\" style=\"--carousel-slider-nav-color:#f1f1f1;--carousel-slider-active-nav-color:#00d1b2;--carousel-slider-arrow-size:48px;--carousel-slider-bullet-size:10px;--swiper-theme-color:#f1f1f1;--swiper-navigation-size:48px;--swiper-pagination-bullet-size:10px\">\n<div id=\"&#039;id-1256\" class=\"carousel-slider carousel-slider-1256 arrows-visibility-always dots-visibility-always arrows-inside dots-center dots-circle swiper-wrapper\" data-slide-type=\"post-carousel\" data-swiper='{\"navigation\":{\"nextEl\":\".swiper-button-next\",\"prevEl\":\".swiper-button-prev\"},\"pagination\":{\"el\":\".swiper-pagination\",\"type\":\"bullets\",\"clickable\":true},\"direction\":\"horizontal\",\"loop\":false,\"slidesOffsetBefore\":0,\"slidesOffsetAfter\":0,\"speed\":500,\"spaceBetween\":10,\"slidesPerView\":1,\"breakpoints\":{\"300\":{\"slidesPerView\":1},\"576\":{\"slidesPerView\":2},\"768\":{\"slidesPerView\":2},\"1024\":{\"slidesPerView\":3},\"1280\":{\"slidesPerView\":4},\"1536\":{\"slidesPerView\":5}},\"lazy\":{\"loadPrevNext\":true},\"preloadImages\":false,\"autoplay\":{\"delay\":5000,\"pauseOnMouseEnter\":true}}'>\n<div class=\"swiper-slide\"><div class=\"carousel-slider__post\">\n\t<div class=\"carousel-slider__post-content\">\n\t\t<div class=\"carousel-slider__post-header\">\n\t\t\t<a class=\"carousel-slider__post-image\" href=\"https:\/\/wp.salinas.fr\/index.php\/2009\/03\/13\/actualite-hommage-a-catherine-segurane\/\" style=\"background-image: url(https:\/\/wp.salinas.fr\/wp-content\/uploads\/2025\/03\/CATHERINE-SGURANE_1-300x213.jpg)\"><\/a>\t\t\t<a class=\"carousel-slider__post-title\" href=\"https:\/\/wp.salinas.fr\/index.php\/2009\/03\/13\/actualite-hommage-a-catherine-segurane\/\">\n\t\t\t\t<h2>Actualit\u00e9 : Hommage \u00e0 Catherine Segurane<\/h2>\n\t\t\t<\/a>\n\t\t<\/div>\n\t\t<div class=\"carousel-slider__post-excerpt\">\n\t\t\tLe 23 novembre 2008, les ni\u00e7ois ont \u00e9t\u00e9 convi\u00e9s \u00e0 assister \u00e0 l\u2019hommage rendu \u00e0 leur h\u00e9ro\u00efne, Catherine S\u00e9gurane. La ...\t\t<\/div>\n\t\t<footer class=\"carousel-slider__post-meta\">\n\t\t\t<div class=\"carousel-slider__post-publication-meta\">\n\t\t\t\t<div class=\"carousel-slider__post-details-info\">\n\t\t\t\t\t<div class=\"carousel-slider__post-author\">\n\t\t\t\t\t\t<a class=\"carousel-slider__post-author-link\"\n\t\t\t\t\t\t   href=\"https:\/\/wp.salinas.fr\/index.php\/author\/salinaswp\/\">\n\t\t\t\t\t\t\tLaurent S\t\t\t\t\t\t<\/a>\n\t\t\t\t\t<\/div>\n\t\t\t\t\t<time class=\"carousel-slider__post-publication-date\"\n\t\t\t\t\t\t  datetime=\"2009-03-13T23:41:13+01:00\">\n\t\t\t\t\t\t13 mars 2009\t\t\t\t\t<\/time>\n\t\t\t\t<\/div>\n\t\t\t<\/div>\n\t\t\t\t\t\t\t<div class=\"carousel-slider__post-category\">\n\t\t\t\t\t<a class=\"carousel-slider__post-category-link\"\n\t\t\t\t\t   href=\"https:\/\/wp.salinas.fr\/index.php\/category\/non-classe\/\">\n\t\t\t\t\t\tNon class\u00e9\t\t\t\t\t<\/a>\n\t\t\t\t<\/div>\n\t\t\t\t\t<\/footer>\n\t<\/div>\n<\/div>\n<\/div><div class=\"swiper-slide\"><div class=\"carousel-slider__post\">\n\t<div class=\"carousel-slider__post-content\">\n\t\t<div class=\"carousel-slider__post-header\">\n\t\t\t<a href=\"https:\/\/wp.salinas.fr\/index.php\/2025\/03\/04\/membres\/\" class=\"carousel-slider__post-image\"><\/a>\t\t\t<a class=\"carousel-slider__post-title\" href=\"https:\/\/wp.salinas.fr\/index.php\/2025\/03\/04\/membres\/\">\n\t\t\t\t<h2>Membres<\/h2>\n\t\t\t<\/a>\n\t\t<\/div>\n\t\t<div class=\"carousel-slider__post-excerpt\">\n\t\t\t\t\t<\/div>\n\t\t<footer class=\"carousel-slider__post-meta\">\n\t\t\t<div class=\"carousel-slider__post-publication-meta\">\n\t\t\t\t<div class=\"carousel-slider__post-details-info\">\n\t\t\t\t\t<div class=\"carousel-slider__post-author\">\n\t\t\t\t\t\t<a class=\"carousel-slider__post-author-link\"\n\t\t\t\t\t\t   href=\"https:\/\/wp.salinas.fr\/index.php\/author\/salinaswp\/\">\n\t\t\t\t\t\t\tLaurent S\t\t\t\t\t\t<\/a>\n\t\t\t\t\t<\/div>\n\t\t\t\t\t<time class=\"carousel-slider__post-publication-date\"\n\t\t\t\t\t\t  datetime=\"2025-03-06T08:26:19+01:00\">\n\t\t\t\t\t\t6 mars 2025\t\t\t\t\t<\/time>\n\t\t\t\t<\/div>\n\t\t\t<\/div>\n\t\t\t\t\t\t\t<div class=\"carousel-slider__post-category\">\n\t\t\t\t\t<a class=\"carousel-slider__post-category-link\"\n\t\t\t\t\t   href=\"https:\/\/wp.salinas.fr\/index.php\/category\/non-classe\/\">\n\t\t\t\t\t\tNon class\u00e9\t\t\t\t\t<\/a>\n\t\t\t\t<\/div>\n\t\t\t\t\t<\/footer>\n\t<\/div>\n<\/div>\n<\/div><div class=\"swiper-slide\"><div class=\"carousel-slider__post\">\n\t<div class=\"carousel-slider__post-content\">\n\t\t<div class=\"carousel-slider__post-header\">\n\t\t\t<a class=\"carousel-slider__post-image\" href=\"https:\/\/wp.salinas.fr\/index.php\/2025\/02\/13\/les-pichoui-de-nice-la-belle-au-veglione-pour-enfants\/\" style=\"background-image: url(https:\/\/wp.salinas.fr\/wp-content\/uploads\/2025\/02\/281423_4be6d43a52594b399ecdb812e3910bcbmv2.avif-300x216.jpg)\"><\/a>\t\t\t<a class=\"carousel-slider__post-title\" href=\"https:\/\/wp.salinas.fr\/index.php\/2025\/02\/13\/les-pichoui-de-nice-la-belle-au-veglione-pour-enfants\/\">\n\t\t\t\t<h2>Les pichoui de Nice La Belle au \u00ab\u00a0Veglione pour enfants\u00a0\u00bb<\/h2>\n\t\t\t<\/a>\n\t\t<\/div>\n\t\t<div class=\"carousel-slider__post-excerpt\">\n\t\t\t24 f\u00e9vrier 2025 Ce Jeudi 13 F\u00e9vrier, les enfants de Nice La Belle \u00e9taient \u00e0 l&rsquo;Op\u00e9ra de Nice \u00e0 l&rsquo;occasion ...\t\t<\/div>\n\t\t<footer class=\"carousel-slider__post-meta\">\n\t\t\t<div class=\"carousel-slider__post-publication-meta\">\n\t\t\t\t<div class=\"carousel-slider__post-details-info\">\n\t\t\t\t\t<div class=\"carousel-slider__post-author\">\n\t\t\t\t\t\t<a class=\"carousel-slider__post-author-link\"\n\t\t\t\t\t\t   href=\"https:\/\/wp.salinas.fr\/index.php\/author\/salinaswp\/\">\n\t\t\t\t\t\t\tLaurent S\t\t\t\t\t\t<\/a>\n\t\t\t\t\t<\/div>\n\t\t\t\t\t<time class=\"carousel-slider__post-publication-date\"\n\t\t\t\t\t\t  datetime=\"2025-03-07T19:39:52+01:00\">\n\t\t\t\t\t\t7 mars 2025\t\t\t\t\t<\/time>\n\t\t\t\t<\/div>\n\t\t\t<\/div>\n\t\t\t\t\t\t\t<div class=\"carousel-slider__post-category\">\n\t\t\t\t\t<a class=\"carousel-slider__post-category-link\"\n\t\t\t\t\t   href=\"https:\/\/wp.salinas.fr\/index.php\/category\/carnaval-de-nice\/\">\n\t\t\t\t\t\tCarnaval de Nice\t\t\t\t\t<\/a>\n\t\t\t\t<\/div>\n\t\t\t\t\t<\/footer>\n\t<\/div>\n<\/div>\n<\/div><\/div><!-- .carousel-slider-1256 -->\n<div class=\"swiper-pagination\"><\/div><div class=\"swiper-button-prev\"><\/div><div class=\"swiper-button-next\"><\/div><\/div><!-- .carousel-slider-outer-1256 -->\n<\/div>\n","protected":false},"excerpt":{"rendered":"","protected":false},"author":1,"featured_media":146,"parent":0,"menu_order":0,"comment_status":"closed","ping_status":"closed","template":"page-sans-titre","meta":{"_acf_changed":false,"footnotes":""},"class_list":["post-95","page","type-page","status-publish","has-post-thumbnail","hentry"],"acf":[],"_links":{"self":[{"href":"https:\/\/wp.salinas.fr\/index.php\/wp-json\/wp\/v2\/pages\/95","targetHints":{"allow":["GET"]}}],"collection":[{"href":"https:\/\/wp.salinas.fr\/index.php\/wp-json\/wp\/v2\/pages"}],"about":[{"href":"https:\/\/wp.salinas.fr\/index.php\/wp-json\/wp\/v2\/types\/page"}],"author":[{"embeddable":true,"href":"https:\/\/wp.salinas.fr\/index.php\/wp-json\/wp\/v2\/users\/1"}],"replies":[{"embeddable":true,"href":"https:\/\/wp.salinas.fr\/index.php\/wp-json\/wp\/v2\/comments?post=95"}],"version-history":[{"count":38,"href":"https:\/\/wp.salinas.fr\/index.php\/wp-json\/wp\/v2\/pages\/95\/revisions"}],"predecessor-version":[{"id":1261,"href":"https:\/\/wp.salinas.fr\/index.php\/wp-json\/wp\/v2\/pages\/95\/revisions\/1261"}],"wp:featuredmedia":[{"embeddable":true,"href":"https:\/\/wp.salinas.fr\/index.php\/wp-json\/wp\/v2\/media\/146"}],"wp:attachment":[{"href":"https:\/\/wp.salinas.fr\/index.php\/wp-json\/wp\/v2\/media?parent=95"}],"curies":[{"name":"wp","href":"https:\/\/api.w.org\/{rel}","templated":true}]}}