{"id":459,"date":"2025-02-27T06:31:57","date_gmt":"2025-02-27T05:31:57","guid":{"rendered":"https:\/\/wp.salinas.fr\/?page_id=459"},"modified":"2025-03-04T20:39:56","modified_gmt":"2025-03-04T19:39:56","slug":"actualites","status":"publish","type":"page","link":"https:\/\/wp.salinas.fr\/index.php\/actualites\/","title":{"rendered":"Actualit\u00e9s"},"content":{"rendered":"\n<div class=\"wp-block-group is-nowrap is-layout-flex wp-container-core-group-is-layout-6c531013 wp-block-group-is-layout-flex\">\n<div class=\"wp-block-columns is-layout-flex wp-container-core-columns-is-layout-28f84493 wp-block-columns-is-layout-flex\">\n<div class=\"wp-block-column is-layout-flow wp-block-column-is-layout-flow\" style=\"flex-basis:33.33%\">\n<div class=\"wp-block-cover aligncenter has-parallax is-repeated\" style=\"min-height:100%;aspect-ratio:unset;\"><span aria-hidden=\"true\" class=\"wp-block-cover__background has-background-dim-40 has-background-dim\"><\/span><div class=\"wp-block-cover__image-background wp-image-575 has-parallax is-repeated\" style=\"background-position:51% 63%;background-image:url(https:\/\/wp.salinas.fr\/wp-content\/uploads\/2025\/02\/Journaux.avif.jpg)\"><\/div><div class=\"wp-block-cover__inner-container has-global-padding is-layout-constrained wp-block-cover-is-layout-constrained\">\n<blockquote class=\"wp-block-quote is-style-plain has-medium-font-size is-layout-flow wp-block-quote-is-layout-flow is-style-plain--1\">\n<p class=\"is-style-text-subtitle is-style-text-subtitle--2\">Per estre sempre au fi\u00e9u, coum&rsquo; Ariana<\/p>\n<\/blockquote>\n<\/div><\/div>\n<\/div>\n\n\n\n<div class=\"wp-block-column is-layout-flow wp-block-column-is-layout-flow\" style=\"flex-basis:66.66%\">\n<p>Sur cette page vous retrouverez toutes nos actualit\u00e9s. Pour en savoir un maximum sur tous les \u00e9v\u00e9nements auxquels nous participons.<\/p>\n\n\n\n<div class=\"wp-block-query alignfull is-layout-flow wp-block-query-is-layout-flow\"><ul style=\"text-transform:none;\" class=\"alignfull wp-block-post-template is-layout-flow wp-container-core-post-template-is-layout-57390b59 wp-block-post-template-is-layout-flow\"><li class=\"wp-block-post post-939 post type-post status-publish format-standard hentry category-non-classe\">\n\n<div class=\"wp-block-group is-style-default has-accent-5-background-color has-background is-horizontal is-content-justification-space-between is-nowrap is-layout-flex wp-container-core-group-is-layout-fdadc9ac wp-block-group-is-layout-flex\" style=\"border-bottom-style:none;border-bottom-width:0px;padding-top:0;padding-right:0;padding-bottom:0;padding-left:0\"><div style=\"background-color:#fd0000; font-style:normal;font-weight:700;letter-spacing:0px; border-radius:0px;border-style:none;border-width:0px; padding-top:var(--wp--preset--spacing--20);padding-bottom:var(--wp--preset--spacing--20);padding-left:var(--wp--preset--spacing--20);padding-right:var(--wp--preset--spacing--20);margin-top:0;margin-right:0;margin-bottom:0;margin-left:0;\" class=\"has-text-align-left has-link-color pas-casser wp-elements-834d1eb90b86118a3ea528b11a310efb wp-block-post-date has-text-color has-base-color has-background has-medium-font-size has-good-brush-font-family\"><time datetime=\"2025-03-04T07:19:11+01:00\">04\/03\/25<\/time><\/div>\n\n<h2 class=\"has-text-align-left wp-block-post-title has-medium-font-size\">Membres<\/h2>\n\n<div style=\"border-radius:0px;border-style:none;border-width:0px\" class=\"taxonomy-category is-style-default wp-block-post-terms\"><a href=\"https:\/\/wp.salinas.fr\/index.php\/category\/non-classe\/\" rel=\"tag\">Non class\u00e9<\/a><\/div><\/div>\n\n\n\n<div class=\"wp-block-group is-style-section-1 has-global-padding is-layout-constrained wp-block-group-is-layout-constrained is-style-section-1--3\" style=\"margin-top:0;margin-bottom:0;padding-top:var(--wp--preset--spacing--20);padding-bottom:var(--wp--preset--spacing--20)\"><div class=\"wp-block-post-excerpt has-medium-font-size\"><p class=\"wp-block-post-excerpt__excerpt\"><\/p><p class=\"wp-block-post-excerpt__more-text\"><a class=\"wp-block-post-excerpt__more-link\" href=\"https:\/\/wp.salinas.fr\/index.php\/2025\/03\/04\/membres\/\">Lire la suite&#8230;<\/a><\/p><\/div>\n\n\n<!--more-->\n<\/div>\n\n<\/li><li class=\"wp-block-post post-178 post type-post status-publish format-standard has-post-thumbnail hentry category-carnaval-de-nice\">\n\n<div class=\"wp-block-group is-style-default has-accent-5-background-color has-background is-horizontal is-content-justification-space-between is-nowrap is-layout-flex wp-container-core-group-is-layout-fdadc9ac wp-block-group-is-layout-flex\" style=\"border-bottom-style:none;border-bottom-width:0px;padding-top:0;padding-right:0;padding-bottom:0;padding-left:0\"><div style=\"background-color:#fd0000; font-style:normal;font-weight:700;letter-spacing:0px; border-radius:0px;border-style:none;border-width:0px; padding-top:var(--wp--preset--spacing--20);padding-bottom:var(--wp--preset--spacing--20);padding-left:var(--wp--preset--spacing--20);padding-right:var(--wp--preset--spacing--20);margin-top:0;margin-right:0;margin-bottom:0;margin-left:0;\" class=\"has-text-align-left has-link-color pas-casser wp-elements-834d1eb90b86118a3ea528b11a310efb wp-block-post-date has-text-color has-base-color has-background has-medium-font-size has-good-brush-font-family\"><time datetime=\"2025-02-13T08:47:37+01:00\">13\/02\/25<\/time><\/div>\n\n<h2 class=\"has-text-align-left wp-block-post-title has-medium-font-size\">Les pichoui de Nice La Belle au \u00ab\u00a0Veglione pour enfants\u00a0\u00bb<\/h2>\n\n<div style=\"border-radius:0px;border-style:none;border-width:0px\" class=\"taxonomy-category is-style-default wp-block-post-terms\"><a href=\"https:\/\/wp.salinas.fr\/index.php\/category\/carnaval-de-nice\/\" rel=\"tag\">Carnaval de Nice<\/a><\/div><\/div>\n\n\n\n<div class=\"wp-block-group is-style-section-1 has-global-padding is-layout-constrained wp-block-group-is-layout-constrained is-style-section-1--4\" style=\"margin-top:0;margin-bottom:0;padding-top:var(--wp--preset--spacing--20);padding-bottom:var(--wp--preset--spacing--20)\"><div class=\"wp-block-post-excerpt has-medium-font-size\"><p class=\"wp-block-post-excerpt__excerpt\">Ce Jeudi 13 F\u00e9vrier, les enfants de Nice La Belle \u00e9taient \u00e0 l&rsquo;Op\u00e9ra de Nice \u00e0 l&rsquo;occasion du \u00ab\u00a0Veglione pour les enfants\u00a0\u00bb dans le cadre du Carnaval de Nice\u2026<\/p><p class=\"wp-block-post-excerpt__more-text\"><a class=\"wp-block-post-excerpt__more-link\" href=\"https:\/\/wp.salinas.fr\/index.php\/2025\/02\/13\/les-pichoui-de-nice-la-belle-au-veglione-pour-enfants\/\">Lire la suite&#8230;<\/a><\/p><\/div>\n\n\n<!--more-->\n<\/div>\n\n<\/li><li class=\"wp-block-post post-149 post type-post status-publish format-standard has-post-thumbnail hentry category-fete-traditionnelle\">\n\n<div class=\"wp-block-group is-style-default has-accent-5-background-color has-background is-horizontal is-content-justification-space-between is-nowrap is-layout-flex wp-container-core-group-is-layout-fdadc9ac wp-block-group-is-layout-flex\" style=\"border-bottom-style:none;border-bottom-width:0px;padding-top:0;padding-right:0;padding-bottom:0;padding-left:0\"><div style=\"background-color:#fd0000; font-style:normal;font-weight:700;letter-spacing:0px; border-radius:0px;border-style:none;border-width:0px; padding-top:var(--wp--preset--spacing--20);padding-bottom:var(--wp--preset--spacing--20);padding-left:var(--wp--preset--spacing--20);padding-right:var(--wp--preset--spacing--20);margin-top:0;margin-right:0;margin-bottom:0;margin-left:0;\" class=\"has-text-align-left has-link-color pas-casser wp-elements-834d1eb90b86118a3ea528b11a310efb wp-block-post-date has-text-color has-base-color has-background has-medium-font-size has-good-brush-font-family\"><time datetime=\"2025-01-26T08:06:03+01:00\">26\/01\/25<\/time><\/div>\n\n<h2 class=\"has-text-align-left wp-block-post-title has-medium-font-size\">F\u00eate de la Saint-Vincent \u00e0 Saint-Roman-de-Bellet<\/h2>\n\n<div style=\"border-radius:0px;border-style:none;border-width:0px\" class=\"taxonomy-category is-style-default wp-block-post-terms\"><a href=\"https:\/\/wp.salinas.fr\/index.php\/category\/fete-traditionnelle\/\" rel=\"tag\">F\u00eate traditionnelle<\/a><\/div><\/div>\n\n\n\n<div class=\"wp-block-group is-style-section-1 has-global-padding is-layout-constrained wp-block-group-is-layout-constrained is-style-section-1--5\" style=\"margin-top:0;margin-bottom:0;padding-top:var(--wp--preset--spacing--20);padding-bottom:var(--wp--preset--spacing--20)\"><div class=\"wp-block-post-excerpt has-medium-font-size\"><p class=\"wp-block-post-excerpt__excerpt\">Ce Dimanche 26 Janvier, Nice La Belle \u00e9tait pr\u00e9sent \u00e0 l&rsquo;\u00e9glise de Saint-Roman de Bellet pour la traditionnelle f\u00eate de la Saint-Vincent, saint patron des vignerons. Un rendez-vous devenu\u2026<\/p><p class=\"wp-block-post-excerpt__more-text\"><a class=\"wp-block-post-excerpt__more-link\" href=\"https:\/\/wp.salinas.fr\/index.php\/2025\/01\/26\/fete-de-la-saint-vincent-a-saint-roman-de-bellet\/\">Lire la suite&#8230;<\/a><\/p><\/div>\n\n\n<!--more-->\n<\/div>\n\n<\/li><\/ul>\n\n\n<div class=\"wp-block-group alignfull is-layout-flow wp-block-group-is-layout-flow\" style=\"padding-top:0;padding-right:var(--wp--preset--spacing--40);padding-bottom:var(--wp--preset--spacing--40);padding-left:var(--wp--preset--spacing--40)\"><\/div>\n\n\n\n<div class=\"wp-block-group is-layout-flow wp-block-group-is-layout-flow\" style=\"margin-top:0;margin-bottom:0;padding-top:var(--wp--preset--spacing--40);padding-right:var(--wp--preset--spacing--40);padding-bottom:var(--wp--preset--spacing--40);padding-left:var(--wp--preset--spacing--40)\"><nav class=\"wp-block-query-pagination is-content-justification-space-between is-nowrap is-layout-flex wp-container-core-query-pagination-is-layout-cb46ffcb wp-block-query-pagination-is-layout-flex\" aria-label=\"Pagination\">\n\n\n<a href=\"\/index.php\/wp-json\/wp\/v2\/pages\/459?query-1-page=2\" style=\"font-style:normal;font-weight:700;text-transform:uppercase;letter-spacing:1px;\" class=\"wp-block-query-pagination-next has-medium-font-size has-good-brush-font-family\">Page suivante<\/a>\n<\/nav><\/div>\n<\/div>\n<\/div>\n<\/div>\n<\/div>\n","protected":false},"excerpt":{"rendered":"<p>Sur cette page vous retrouverez toutes nos actualit\u00e9s. Pour en savoir un maximum sur tous les \u00e9v\u00e9nements auxquels nous participons. Sur cette page vous retrouverez toutes nos actualit\u00e9s. Pour en savoir un maximum sur tous les \u00e9v\u00e9nements auxquels nous participons. Per estre sempre au fi\u00e9u, coum&rsquo; Ariana Sur cette page vous retrouverez toutes nos actualit\u00e9s. [&hellip;]<\/p>\n","protected":false},"author":1,"featured_media":0,"parent":0,"menu_order":0,"comment_status":"closed","ping_status":"closed","template":"","meta":{"_acf_changed":false,"footnotes":""},"class_list":["post-459","page","type-page","status-publish","hentry"],"acf":[],"_links":{"self":[{"href":"https:\/\/wp.salinas.fr\/index.php\/wp-json\/wp\/v2\/pages\/459","targetHints":{"allow":["GET"]}}],"collection":[{"href":"https:\/\/wp.salinas.fr\/index.php\/wp-json\/wp\/v2\/pages"}],"about":[{"href":"https:\/\/wp.salinas.fr\/index.php\/wp-json\/wp\/v2\/types\/page"}],"author":[{"embeddable":true,"href":"https:\/\/wp.salinas.fr\/index.php\/wp-json\/wp\/v2\/users\/1"}],"replies":[{"embeddable":true,"href":"https:\/\/wp.salinas.fr\/index.php\/wp-json\/wp\/v2\/comments?post=459"}],"version-history":[{"count":96,"href":"https:\/\/wp.salinas.fr\/index.php\/wp-json\/wp\/v2\/pages\/459\/revisions"}],"predecessor-version":[{"id":1160,"href":"https:\/\/wp.salinas.fr\/index.php\/wp-json\/wp\/v2\/pages\/459\/revisions\/1160"}],"wp:attachment":[{"href":"https:\/\/wp.salinas.fr\/index.php\/wp-json\/wp\/v2\/media?parent=459"}],"curies":[{"name":"wp","href":"https:\/\/api.w.org\/{rel}","templated":true}]}}