{"id":300,"date":"2025-02-25T18:37:18","date_gmt":"2025-02-25T17:37:18","guid":{"rendered":"https:\/\/wp.salinas.fr\/?page_id=300"},"modified":"2025-03-04T18:15:33","modified_gmt":"2025-03-04T17:15:33","slug":"nos-partenaires","status":"publish","type":"page","link":"https:\/\/wp.salinas.fr\/index.php\/lassociation\/nos-partenaires\/","title":{"rendered":"Nos partenaires"},"content":{"rendered":"\n<div class=\"wp-block-columns is-layout-flex wp-container-core-columns-is-layout-28f84493 wp-block-columns-is-layout-flex\">\n<div class=\"wp-block-column is-layout-flow wp-block-column-is-layout-flow\" style=\"flex-basis:33.33%\">\n<div class=\"wp-block-cover is-repeated\" style=\"min-height:100%;aspect-ratio:unset;\"><span aria-hidden=\"true\" class=\"wp-block-cover__background has-background-dim-30 has-background-dim\"><\/span><div class=\"wp-block-cover__image-background wp-image-339 is-repeated\" style=\"background-position:50% 49%;background-image:url(https:\/\/wp.salinas.fr\/wp-content\/uploads\/2025\/02\/Poignees-de-main.jpg)\"><\/div><div class=\"wp-block-cover__inner-container has-global-padding is-layout-constrained wp-block-cover-is-layout-constrained\">\n<blockquote class=\"wp-block-quote is-style-plain has-good-brush-font-family has-large-font-size is-layout-flow wp-block-quote-is-layout-flow is-style-plain--1\">\n<p class=\"is-style-default has-fraunces-font-family has-large-font-size\">Soulet si va mai l\u00e9u,<br>ensen si va mai lu\u00e8n<\/p>\n<\/blockquote>\n<\/div><\/div>\n<\/div>\n\n\n\n<div class=\"wp-block-column is-layout-flow wp-block-column-is-layout-flow\" style=\"flex-basis:66.66%\">\n<p>Ici vous retrouverez tous nos partenaires, tous ceux qui nous aident et sans qui ce que nous faisons ne serait pas r\u00e9alisable. Merci \u00e0 eux pour leur confiance.<\/p>\n\n\n\n<div class=\"wp-block-media-text\" style=\"grid-template-columns:24% auto\"><figure class=\"wp-block-media-text__media\"><img loading=\"lazy\" decoding=\"async\" width=\"500\" height=\"500\" src=\"https:\/\/wp.salinas.fr\/wp-content\/uploads\/2025\/02\/ville-de-nice_600x600.jpg\" alt=\"\" class=\"wp-image-302 size-full\" srcset=\"https:\/\/wp.salinas.fr\/wp-content\/uploads\/2025\/02\/ville-de-nice_600x600.jpg 500w, https:\/\/wp.salinas.fr\/wp-content\/uploads\/2025\/02\/ville-de-nice_600x600-300x300.jpg 300w, https:\/\/wp.salinas.fr\/wp-content\/uploads\/2025\/02\/ville-de-nice_600x600-150x150.jpg 150w\" sizes=\"auto, (max-width: 500px) 100vw, 500px\" \/><\/figure><div class=\"wp-block-media-text__content\">\n<p><strong>La Ville de Nice<\/strong><\/p>\n\n\n\n<p>La Ville de Nice est le plus important partenaire de Nice la Belle dans le cadre d&rsquo;une convention qui est sign\u00e9e chaque ann\u00e9e.<\/p>\n<\/div><\/div>\n\n\n\n<div class=\"wp-block-media-text\" style=\"grid-template-columns:24% auto\"><figure class=\"wp-block-media-text__media\"><img loading=\"lazy\" decoding=\"async\" width=\"438\" height=\"98\" src=\"https:\/\/wp.salinas.fr\/wp-content\/uploads\/2025\/02\/logo_header_regionpacafr_01_600x600-2.png\" alt=\"\" class=\"wp-image-332 size-full\" srcset=\"https:\/\/wp.salinas.fr\/wp-content\/uploads\/2025\/02\/logo_header_regionpacafr_01_600x600-2.png 438w, https:\/\/wp.salinas.fr\/wp-content\/uploads\/2025\/02\/logo_header_regionpacafr_01_600x600-2-300x67.png 300w\" sizes=\"auto, (max-width: 438px) 100vw, 438px\" \/><\/figure><div class=\"wp-block-media-text__content\">\n<p><strong>La Region Sud PACA<\/strong><\/p>\n\n\n\n<p>La Region Sud PACA est partenaire de Nice la Belle.<\/p>\n<\/div><\/div>\n\n\n\n<div class=\"wp-block-media-text\" style=\"grid-template-columns:24% auto\"><figure class=\"wp-block-media-text__media\"><img loading=\"lazy\" decoding=\"async\" width=\"285\" height=\"215\" src=\"https:\/\/wp.salinas.fr\/wp-content\/uploads\/2025\/02\/logo-bandeau-superieur_600x600.jpg\" alt=\"\" class=\"wp-image-315 size-full\"\/><\/figure><div class=\"wp-block-media-text__content\">\n<p><strong>Conseil D\u00e9partemental Des Alpes-Maritimes<\/strong><\/p>\n\n\n\n<p>Le Conseil d\u00e9partemental des Alpes-Maritimes est partenaire de Nice la Belle.<\/p>\n<\/div><\/div>\n\n\n\n<div class=\"wp-block-media-text\" style=\"grid-template-columns:24% auto\"><figure class=\"wp-block-media-text__media\"><img loading=\"lazy\" decoding=\"async\" width=\"326\" height=\"120\" src=\"https:\/\/wp.salinas.fr\/wp-content\/uploads\/2025\/02\/Theatre-ni__ois-de-Francis-Gag_600x600.png\" alt=\"\" class=\"wp-image-317 size-full\" srcset=\"https:\/\/wp.salinas.fr\/wp-content\/uploads\/2025\/02\/Theatre-ni__ois-de-Francis-Gag_600x600.png 326w, https:\/\/wp.salinas.fr\/wp-content\/uploads\/2025\/02\/Theatre-ni__ois-de-Francis-Gag_600x600-300x110.png 300w\" sizes=\"auto, (max-width: 326px) 100vw, 326px\" \/><\/figure><div class=\"wp-block-media-text__content\">\n<p><strong><strong>Th\u00e9\u00e2tre Ni\u00e7ois De Francis Gag<\/strong><\/strong><\/p>\n\n\n\n<p>Les deux associations, le Th\u00e9\u00e2tre Ni\u00e7ois de Francis Gag et Nice la Belle ont \u00e9t\u00e9 cr\u00e9\u00e9es par Francis Gag. C&rsquo;est bien plus que deux associations, c&rsquo;est une grande famille. Pierre-Louis Gag dirige le th\u00e9\u00e2tre et il est aussi pr\u00e9sident d&rsquo;honneur de Nice la Belle.<\/p>\n<\/div><\/div>\n\n\n\n<div class=\"wp-block-media-text\" style=\"grid-template-columns:24% auto\"><figure class=\"wp-block-media-text__media\"><img loading=\"lazy\" decoding=\"async\" width=\"241\" height=\"161\" src=\"https:\/\/wp.salinas.fr\/wp-content\/uploads\/2025\/02\/Solidarit__-Francis-Gag-et-Nice-la-Belle_600x600.png\" alt=\"\" class=\"wp-image-318 size-full\"\/><\/figure><div class=\"wp-block-media-text__content\">\n<p><strong>Solidarit\u00e9 Francis Gag<\/strong><\/p>\n\n\n\n<p>Dirig\u00e9 depuis 2015 par Claire Gag, l&rsquo; association Solidarit\u00e9 Francis Gag a aussi \u00e9t\u00e9 cr\u00e9\u00e9e par Francis Gag. L&rsquo;association Solidarit\u00e9 Francis Gag est partenaire de Nice la Belle.<\/p>\n<\/div><\/div>\n\n\n\n<div class=\"wp-block-media-text\" style=\"grid-template-columns:24% auto\"><figure class=\"wp-block-media-text__media\"><img loading=\"lazy\" decoding=\"async\" width=\"400\" height=\"400\" src=\"https:\/\/wp.salinas.fr\/wp-content\/uploads\/2025\/02\/lou-cat_600x600.jpg\" alt=\"\" class=\"wp-image-319 size-full\" srcset=\"https:\/\/wp.salinas.fr\/wp-content\/uploads\/2025\/02\/lou-cat_600x600.jpg 400w, https:\/\/wp.salinas.fr\/wp-content\/uploads\/2025\/02\/lou-cat_600x600-300x300.jpg 300w, https:\/\/wp.salinas.fr\/wp-content\/uploads\/2025\/02\/lou-cat_600x600-150x150.jpg 150w\" sizes=\"auto, (max-width: 400px) 100vw, 400px\" \/><\/figure><div class=\"wp-block-media-text__content\">\n<p><strong>Collectif Des Arts Traditionnels &#8211; Lou Cat<\/strong><\/p>\n\n\n\n<p>Nice la Belle est partenaire du Collectif des Arts Traditionnels &#8211; Lou Cat<\/p>\n<\/div><\/div>\n\n\n\n<div class=\"wp-block-media-text\" style=\"grid-template-columns:24% auto\"><figure class=\"wp-block-media-text__media\"><img loading=\"lazy\" decoding=\"async\" width=\"600\" height=\"327\" src=\"https:\/\/wp.salinas.fr\/wp-content\/uploads\/2025\/02\/CIOFF_logo_600x600.jpg\" alt=\"\" class=\"wp-image-320 size-full\" srcset=\"https:\/\/wp.salinas.fr\/wp-content\/uploads\/2025\/02\/CIOFF_logo_600x600.jpg 600w, https:\/\/wp.salinas.fr\/wp-content\/uploads\/2025\/02\/CIOFF_logo_600x600-300x164.jpg 300w\" sizes=\"auto, (max-width: 600px) 100vw, 600px\" \/><\/figure><div class=\"wp-block-media-text__content\">\n<p><strong>CIOFF France<\/strong><\/p>\n\n\n\n<p>Nice la Belle fait partie des groupes labellis\u00e9s du CIOFF France depuis le 01\/01\/2018.<\/p>\n<\/div><\/div>\n\n\n\n<div class=\"wp-block-media-text\" style=\"grid-template-columns:24% auto\"><figure class=\"wp-block-media-text__media\"><img loading=\"lazy\" decoding=\"async\" width=\"430\" height=\"600\" src=\"https:\/\/wp.salinas.fr\/wp-content\/uploads\/2025\/02\/Festival-du-sud-avec-Nice-la-belle-_600x600.jpg\" alt=\"\" class=\"wp-image-321 size-full\" srcset=\"https:\/\/wp.salinas.fr\/wp-content\/uploads\/2025\/02\/Festival-du-sud-avec-Nice-la-belle-_600x600.jpg 430w, https:\/\/wp.salinas.fr\/wp-content\/uploads\/2025\/02\/Festival-du-sud-avec-Nice-la-belle-_600x600-215x300.jpg 215w\" sizes=\"auto, (max-width: 430px) 100vw, 430px\" \/><\/figure><div class=\"wp-block-media-text__content\">\n<p><strong>Festival Du Sud<\/strong><\/p>\n\n\n\n<p>Depuis le 1er Janvier 2015 Nice la Belle fait partie de l&rsquo;association Festival du Sud. L&rsquo;association a pour but d&rsquo;organiser des tourn\u00e9es des plus grands groupes de danse du monde \u00e0 travers le monde entier. Cette association sera une aide pr\u00e9cieuse pour le futur festival des danses du monde \u00e0 Nice en 2017.<\/p>\n<\/div><\/div>\n\n\n\n<div class=\"wp-block-media-text\" style=\"grid-template-columns:24% auto\"><figure class=\"wp-block-media-text__media\"><img loading=\"lazy\" decoding=\"async\" width=\"241\" height=\"107\" src=\"https:\/\/wp.salinas.fr\/wp-content\/uploads\/2025\/02\/UNGTP-avec-Nice-la-Belle_600x600-1.png\" alt=\"\" class=\"wp-image-322 size-full\"\/><\/figure><div class=\"wp-block-media-text__content\">\n<p><strong>Union Nationale Des Groupes De Traditions Populaires<\/strong><\/p>\n\n\n\n<p>Nice la Belle est partenaire de l&rsquo;UNGTP depuis le 1er Janvier 2013. Depuis le mois de le mois de Mars 2015, le pr\u00e9sident de Nice la Belle Stan Palomba fait partie du Conseil d&rsquo;administration de l&rsquo;UNGTP. Sa mission est d&rsquo;organiser les prochaines assisses \u00e0 Nice au mois d&rsquo; Avril 2016.<\/p>\n<\/div><\/div>\n\n\n\n<div class=\"wp-block-media-text\" style=\"grid-template-columns:24% auto\"><figure class=\"wp-block-media-text__media\"><img loading=\"lazy\" decoding=\"async\" width=\"200\" height=\"167\" src=\"https:\/\/wp.salinas.fr\/wp-content\/uploads\/2025\/02\/f__d__ration-Folklorique-M__diterran__enne-avec-Nice-la-Belle-_600x600.png\" alt=\"\" class=\"wp-image-323 size-full\"\/><\/figure><div class=\"wp-block-media-text__content\">\n<p><strong>F\u00e9d\u00e9ration Folklorique M\u00e9diterran\u00e9enne<\/strong><\/p>\n\n\n\n<p>Nice la Belle est partenaire de la F\u00e9d\u00e9ration Folklorique M\u00e9diterran\u00e9enne depuis la cr\u00e9ation du groupe en 1956.<\/p>\n<\/div><\/div>\n\n\n\n<div class=\"wp-block-media-text\" style=\"grid-template-columns:24% auto\"><figure class=\"wp-block-media-text__media\"><img loading=\"lazy\" decoding=\"async\" width=\"551\" height=\"600\" src=\"https:\/\/wp.salinas.fr\/wp-content\/uploads\/2025\/02\/F__deration-des-associations-du-comt__-de-Nice-avec-Nice-la-Belle_600x600.gif\" alt=\"\" class=\"wp-image-324 size-full\"\/><\/figure><div class=\"wp-block-media-text__content\">\n<p><strong>F\u00e9d\u00e9ration Des Associations Du Comt\u00e9 De Nice<\/strong><\/p>\n\n\n\n<p>Nice la Belle est partenaire de la F\u00e9d\u00e9ration des Associations du comt\u00e9 de Nice depuis 1995.<\/p>\n<\/div><\/div>\n\n\n\n<div class=\"wp-block-media-text\" style=\"grid-template-columns:24% auto\"><figure class=\"wp-block-media-text__media\"><img loading=\"lazy\" decoding=\"async\" width=\"294\" height=\"138\" src=\"https:\/\/wp.salinas.fr\/wp-content\/uploads\/2025\/02\/Guillaume-Coradi-et-Nice-la-Belle_600x600.png\" alt=\"\" class=\"wp-image-325 size-full\"\/><\/figure><div class=\"wp-block-media-text__content\">\n<p><strong>GC Interactif Guillaume Corradi<\/strong><\/p>\n\n\n\n<p>Guillaume Corradi qui dirige la soci\u00e9t\u00e9 GC Interactif est le partenaire num\u00e9rique le plus important de Nice la Belle. Partenaire depuis 2007, Guillaume est toujours aussi r\u00e9actif et pleins d&rsquo;id\u00e9es pour le d\u00e9veloppement de notre site internet.<\/p>\n<\/div><\/div>\n\n\n\n<div class=\"wp-block-media-text\" style=\"grid-template-columns:24% auto\"><figure class=\"wp-block-media-text__media\"><img loading=\"lazy\" decoding=\"async\" width=\"600\" height=\"72\" src=\"https:\/\/wp.salinas.fr\/wp-content\/uploads\/2025\/02\/stephane-bonifassi-Nice-la-Belle_600x600.png\" alt=\"\" class=\"wp-image-326 size-full\" srcset=\"https:\/\/wp.salinas.fr\/wp-content\/uploads\/2025\/02\/stephane-bonifassi-Nice-la-Belle_600x600.png 600w, https:\/\/wp.salinas.fr\/wp-content\/uploads\/2025\/02\/stephane-bonifassi-Nice-la-Belle_600x600-300x36.png 300w\" sizes=\"auto, (max-width: 600px) 100vw, 600px\" \/><\/figure><div class=\"wp-block-media-text__content\">\n<p><strong>Stephane Bonifassi Accord\u00e9on Sud-est<\/strong><\/p>\n\n\n\n<p>Stephane Bonifassi, membre de Nice la Belle qui dirige la soci\u00e9t\u00e9 Accord\u00e9on Sud-est est partenaire de Nice la Belle.<\/p>\n<\/div><\/div>\n\n\n\n<div class=\"wp-block-media-text\" style=\"grid-template-columns:24% auto\"><figure class=\"wp-block-media-text__media\"><img loading=\"lazy\" decoding=\"async\" width=\"600\" height=\"338\" src=\"https:\/\/wp.salinas.fr\/wp-content\/uploads\/2025\/02\/Chrsitelle-fleurs-et-nice-la-Belle_600x600.png\" alt=\"\" class=\"wp-image-327 size-full\" srcset=\"https:\/\/wp.salinas.fr\/wp-content\/uploads\/2025\/02\/Chrsitelle-fleurs-et-nice-la-Belle_600x600.png 600w, https:\/\/wp.salinas.fr\/wp-content\/uploads\/2025\/02\/Chrsitelle-fleurs-et-nice-la-Belle_600x600-300x169.png 300w\" sizes=\"auto, (max-width: 600px) 100vw, 600px\" \/><\/figure><div class=\"wp-block-media-text__content\">\n<p><strong>Christelle Fleurs<\/strong><\/p>\n\n\n\n<p>Christelle Giambi, membre de Nice la Belle qui dirige le magasin Christelle Fleurs \u00e0 St Roman de Bellet, est partenaire de Nice la Belle<\/p>\n<\/div><\/div>\n\n\n\n<div class=\"wp-block-media-text\" style=\"grid-template-columns:24% auto\"><figure class=\"wp-block-media-text__media\"><img loading=\"lazy\" decoding=\"async\" width=\"265\" height=\"47\" src=\"https:\/\/wp.salinas.fr\/wp-content\/uploads\/2025\/02\/credit-mutuel-et-Nice-la-Belle_600x600.png\" alt=\"\" class=\"wp-image-328 size-full\"\/><\/figure><div class=\"wp-block-media-text__content\">\n<p><strong>Cr\u00e9dit Mutuel<\/strong><\/p>\n\n\n\n<p>Le Cr\u00e9dit Mutuel est partenaire de Nice la Belle depuis le 1er Janvier 2015.<\/p>\n<\/div><\/div>\n\n\n\n<div class=\"wp-block-media-text\" style=\"grid-template-columns:24% auto\"><figure class=\"wp-block-media-text__media\"><img loading=\"lazy\" decoding=\"async\" width=\"450\" height=\"600\" src=\"https:\/\/wp.salinas.fr\/wp-content\/uploads\/2025\/02\/Socca-chips-et-Nice-la-Belle_600x600.jpg\" alt=\"\" class=\"wp-image-329 size-full\" srcset=\"https:\/\/wp.salinas.fr\/wp-content\/uploads\/2025\/02\/Socca-chips-et-Nice-la-Belle_600x600.jpg 450w, https:\/\/wp.salinas.fr\/wp-content\/uploads\/2025\/02\/Socca-chips-et-Nice-la-Belle_600x600-225x300.jpg 225w\" sizes=\"auto, (max-width: 450px) 100vw, 450px\" \/><\/figure><div class=\"wp-block-media-text__content\">\n<p><strong>Socca Chips<\/strong><\/p>\n\n\n\n<p>Socca Chips est une cr\u00e9ation de notre ami Luc Salsedo, g\u00e9r\u00e9 par une ancienne membre de Nice la Belle Fabienne Rigourd. Socca Chips sont \u00e0 nos c\u00f4t\u00e9s lors des d\u00e9placements de Nice la Belle.<\/p>\n<\/div><\/div>\n\n\n\n<div class=\"wp-block-media-text\" style=\"grid-template-columns:24% auto\"><figure class=\"wp-block-media-text__media\"><img loading=\"lazy\" decoding=\"async\" width=\"600\" height=\"450\" src=\"https:\/\/wp.salinas.fr\/wp-content\/uploads\/2025\/02\/Galets-de-Nice-et-Nice-la-Belle_600x600.jpg\" alt=\"\" class=\"wp-image-330 size-full\" srcset=\"https:\/\/wp.salinas.fr\/wp-content\/uploads\/2025\/02\/Galets-de-Nice-et-Nice-la-Belle_600x600.jpg 600w, https:\/\/wp.salinas.fr\/wp-content\/uploads\/2025\/02\/Galets-de-Nice-et-Nice-la-Belle_600x600-300x225.jpg 300w\" sizes=\"auto, (max-width: 600px) 100vw, 600px\" \/><\/figure><div class=\"wp-block-media-text__content\">\n<p><strong>Galets De Nice<\/strong><\/p>\n\n\n\n<p>Les Galets de Nice sont une cr\u00e9ation de notre ami Philippe Ghieu. Les Galets de Nice accompagnent tous les d\u00e9placements de Nice la Belle.<\/p>\n<\/div><\/div>\n<\/div>\n<\/div>\n","protected":false},"excerpt":{"rendered":"<p>Ici vous retrouverez tous nos partenaires, tous ceux qui nous aident et sans qui ce que nous faisons ne serait pas r\u00e9alisable. Merci \u00e0 eux pour leur confiance. La Ville de Nice La Ville de Nice est le plus important partenaire de Nice la Belle dans le cadre d&rsquo;une convention qui est sign\u00e9e chaque ann\u00e9e. [&hellip;]<\/p>\n","protected":false},"author":1,"featured_media":0,"parent":198,"menu_order":0,"comment_status":"closed","ping_status":"closed","template":"","meta":{"_acf_changed":false,"footnotes":""},"class_list":["post-300","page","type-page","status-publish","hentry"],"acf":[],"_links":{"self":[{"href":"https:\/\/wp.salinas.fr\/index.php\/wp-json\/wp\/v2\/pages\/300","targetHints":{"allow":["GET"]}}],"collection":[{"href":"https:\/\/wp.salinas.fr\/index.php\/wp-json\/wp\/v2\/pages"}],"about":[{"href":"https:\/\/wp.salinas.fr\/index.php\/wp-json\/wp\/v2\/types\/page"}],"author":[{"embeddable":true,"href":"https:\/\/wp.salinas.fr\/index.php\/wp-json\/wp\/v2\/users\/1"}],"replies":[{"embeddable":true,"href":"https:\/\/wp.salinas.fr\/index.php\/wp-json\/wp\/v2\/comments?post=300"}],"version-history":[{"count":33,"href":"https:\/\/wp.salinas.fr\/index.php\/wp-json\/wp\/v2\/pages\/300\/revisions"}],"predecessor-version":[{"id":1132,"href":"https:\/\/wp.salinas.fr\/index.php\/wp-json\/wp\/v2\/pages\/300\/revisions\/1132"}],"up":[{"embeddable":true,"href":"https:\/\/wp.salinas.fr\/index.php\/wp-json\/wp\/v2\/pages\/198"}],"wp:attachment":[{"href":"https:\/\/wp.salinas.fr\/index.php\/wp-json\/wp\/v2\/media?parent=300"}],"curies":[{"name":"wp","href":"https:\/\/api.w.org\/{rel}","templated":true}]}}