{"id":295,"date":"2025-02-25T18:18:31","date_gmt":"2025-02-25T17:18:31","guid":{"rendered":"https:\/\/wp.salinas.fr\/?page_id=295"},"modified":"2025-02-26T07:08:18","modified_gmt":"2025-02-26T06:08:18","slug":"la-maison-francine-gag","status":"publish","type":"page","link":"https:\/\/wp.salinas.fr\/index.php\/lassociation\/la-maison-francine-gag\/","title":{"rendered":"La Maison Francine Gag"},"content":{"rendered":"\n<p><strong>Si\u00e8ge de l&rsquo;association, la maison Francine Gag.<\/strong><\/p>\n\n\n\n<p>Restaur\u00e9e par le d\u00e9partement et par nos soins, La Maison Francine Gag est le si\u00e8ge de Nice La Belle depuis 2015.<\/p>\n\n\n\n<p>Anciennes \u00e9curies du domaine des Cessole, cette maison qui porte le nom de notre pr\u00e9sidente embl\u00e9matique est situ\u00e9e au 20, avenue Fr\u00e9d\u00e9ric Mistral.\u00a0Elle accueille nos bureaux ainsi que les activit\u00e9s de l&rsquo;association.<\/p>\n\n\n\n<p>Car outre le folklore pour les plus grands, Nice La Belle\u00a0c&rsquo;est aussi des cours de folklore pour les enfants, des cours de bal\u00e8ti tous les 15 jours pour les plus grands, mais aussi des cours de nissart et un atelier couture !<\/p>\n\n\n\n<p><strong>Les ateliers en sc\u00e8ne<\/strong><\/p>\n\n\n\n<p>La <strong>Maison Francine Gag<\/strong> accueillera aussi le festival <strong>\u00ab\u00a0Salade Ni\u00e7oise\u00a0\u00bb<\/strong> au mois de Juillet 2025, qui mettra en valeur toutes les activit\u00e9s de l&rsquo;association !&nbsp;<\/p>\n\n\n\n<p>Restez connect\u00e9s !&nbsp;<\/p>\n\n\n\n<figure class=\"wp-block-embed is-type-video is-provider-youtube wp-block-embed-youtube wp-embed-aspect-16-9 wp-has-aspect-ratio\"><div class=\"wp-block-embed__wrapper\">\n<iframe loading=\"lazy\" title=\"Inauguration de la maison Francine Gag\" width=\"500\" height=\"281\" src=\"https:\/\/www.youtube.com\/embed\/IhZ3Emekl_0?feature=oembed\" frameborder=\"0\" allow=\"accelerometer; autoplay; clipboard-write; encrypted-media; gyroscope; picture-in-picture; web-share\" referrerpolicy=\"strict-origin-when-cross-origin\" allowfullscreen><\/iframe>\n<\/div><\/figure>\n","protected":false},"excerpt":{"rendered":"<p>Si\u00e8ge de l&rsquo;association, la maison Francine Gag. Restaur\u00e9e par le d\u00e9partement et par nos soins, La Maison Francine Gag est le si\u00e8ge de Nice La Belle depuis 2015. Anciennes \u00e9curies du domaine des Cessole, cette maison qui porte le nom de notre pr\u00e9sidente embl\u00e9matique est situ\u00e9e au 20, avenue Fr\u00e9d\u00e9ric Mistral.\u00a0Elle accueille nos bureaux ainsi [&hellip;]<\/p>\n","protected":false},"author":1,"featured_media":0,"parent":198,"menu_order":0,"comment_status":"closed","ping_status":"closed","template":"wp-custom-template-mod-le-nlb","meta":{"_acf_changed":false,"footnotes":""},"class_list":["post-295","page","type-page","status-publish","hentry"],"acf":[],"_links":{"self":[{"href":"https:\/\/wp.salinas.fr\/index.php\/wp-json\/wp\/v2\/pages\/295","targetHints":{"allow":["GET"]}}],"collection":[{"href":"https:\/\/wp.salinas.fr\/index.php\/wp-json\/wp\/v2\/pages"}],"about":[{"href":"https:\/\/wp.salinas.fr\/index.php\/wp-json\/wp\/v2\/types\/page"}],"author":[{"embeddable":true,"href":"https:\/\/wp.salinas.fr\/index.php\/wp-json\/wp\/v2\/users\/1"}],"replies":[{"embeddable":true,"href":"https:\/\/wp.salinas.fr\/index.php\/wp-json\/wp\/v2\/comments?post=295"}],"version-history":[{"count":4,"href":"https:\/\/wp.salinas.fr\/index.php\/wp-json\/wp\/v2\/pages\/295\/revisions"}],"predecessor-version":[{"id":382,"href":"https:\/\/wp.salinas.fr\/index.php\/wp-json\/wp\/v2\/pages\/295\/revisions\/382"}],"up":[{"embeddable":true,"href":"https:\/\/wp.salinas.fr\/index.php\/wp-json\/wp\/v2\/pages\/198"}],"wp:attachment":[{"href":"https:\/\/wp.salinas.fr\/index.php\/wp-json\/wp\/v2\/media?parent=295"}],"curies":[{"name":"wp","href":"https:\/\/api.w.org\/{rel}","templated":true}]}}