{"id":189,"date":"2025-02-25T08:59:02","date_gmt":"2025-02-25T07:59:02","guid":{"rendered":"http:\/\/wp.salinas.fr\/?page_id=189"},"modified":"2025-03-05T07:53:20","modified_gmt":"2025-03-05T06:53:20","slug":"notre-histoire","status":"publish","type":"page","link":"https:\/\/wp.salinas.fr\/index.php\/lassociation\/notre-histoire\/","title":{"rendered":"Notre histoire"},"content":{"rendered":"\n<div class=\"wp-block-columns is-layout-flex wp-container-core-columns-is-layout-65eef5bf wp-block-columns-is-layout-flex\">\n<div class=\"wp-block-column is-layout-flow wp-block-column-is-layout-flow\" style=\"flex-basis:33.33%\">\n<div class=\"wp-block-cover is-light\"><span aria-hidden=\"true\" class=\"wp-block-cover__background has-background-dim-10 has-background-dim\"><\/span><img loading=\"lazy\" decoding=\"async\" width=\"1012\" height=\"986\" class=\"wp-block-cover__image-background wp-image-190\" alt=\"\" src=\"https:\/\/wp.salinas.fr\/wp-content\/uploads\/2025\/02\/Francis-Gag-grand_edited_edited_edited_j.jpg\" style=\"object-position:58% 50%\" data-object-fit=\"cover\" data-object-position=\"58% 50%\" srcset=\"https:\/\/wp.salinas.fr\/wp-content\/uploads\/2025\/02\/Francis-Gag-grand_edited_edited_edited_j.jpg 1012w, https:\/\/wp.salinas.fr\/wp-content\/uploads\/2025\/02\/Francis-Gag-grand_edited_edited_edited_j-300x292.jpg 300w, https:\/\/wp.salinas.fr\/wp-content\/uploads\/2025\/02\/Francis-Gag-grand_edited_edited_edited_j-768x748.jpg 768w\" sizes=\"auto, (max-width: 1012px) 100vw, 1012px\" \/><div class=\"wp-block-cover__inner-container is-layout-flow wp-block-cover-is-layout-flow\">\n<blockquote class=\"wp-block-quote is-style-plain is-layout-flow wp-block-quote-is-layout-flow is-style-plain--1\">\n<p class=\"has-fraunces-font-family has-x-large-font-size\" style=\"font-style:normal;font-weight:500;line-height:1\">D&rsquo;un simple pantai es vengut una realit\u00e0<\/p>\n<\/blockquote>\n\n\n\n<p class=\"is-style-default has-accent-5-color has-text-color has-link-color wp-elements-b347c05344b2a95f3a47703a7ccdcdf3\">Francis Gag<\/p>\n<\/div><\/div>\n<\/div>\n\n\n\n<div class=\"wp-block-column is-layout-flow wp-block-column-is-layout-flow\" style=\"flex-basis:66.66%\">\n<p><strong>\u00ab Nice la Belle \u00bb est un \u00abr\u00eave\u00bb qui devint r\u00e9alit\u00e9 le Samedi 28 Mai 1955<\/strong>, au restaurant de la R\u00e9serve \u00e0 Nice, o\u00f9 l\u2019association <strong>\u00ab l\u2019Estocaficada \u00bb<\/strong> c\u00e9l\u00e9brait le cinquantenaire de sa fondation, sous la pr\u00e9sidence de Jean Medecin d\u00e9put\u00e9-maire de Nice. Pour cet \u00e9v\u00e9nement, <strong>Francis Gag<\/strong>, d\u00e9j\u00e0 r\u00e9put\u00e9 grand <strong>homme de th\u00e9\u00e2tre<\/strong> et <strong>v\u00e9ritable metteur en sc\u00e8ne<\/strong>, avait organis\u00e9 la pr\u00e9sentation des mets avec un accompagnement de danses et de chansons. A la fin du repas, <strong>Jean Medecin<\/strong> n\u2019h\u00e9sitait pas \u00e0 exprimer sa satisfaction et il demanda alors officiellement \u00e0 <strong>Francis Gag<\/strong>, de fonder sous les auspices de la municipalit\u00e9 <strong>un groupe folklorique qui serait \u00abl\u2019ambassade de notre ch\u00e8re cit\u00e9 \u00e0 travers le monde\u00bb<\/strong>.<br><br>Cette d\u00e9cision consacrait un r\u00eave longtemps caress\u00e9 par&nbsp;<strong>Francis Gag<\/strong>&nbsp;; ainsi il aimait volontiers rappeler ce souvenir du banquet de <strong>\u00ab l\u2019Estocaficada \u00bb<\/strong> qui avait marqu\u00e9 la cr\u00e9ation de <strong>\u00ab Nice la Belle \u00bb<\/strong> et c\u2019\u00e9tait l\u2019occasion d\u2019y associer la m\u00e9moire de ceux qui avaient contribu\u00e9 \u00e0 \u00e9laborer ce groupe, et plus particuli\u00e8rement son fid\u00e8le ami <strong>le po\u00e8te de grand talent<\/strong> <strong>Louis Genari<\/strong>. Pour ce qui concernait les costumes port\u00e9s par les membres du groupe, <strong>Francis Gag<\/strong> rappelait que c\u2019est en partant des albums des peintres Trachel, Barb\u00e9ri et Delattre datant du XIX si\u00e8cle qu\u2019il avait avec son vieil ami <strong>l\u2019imagier<\/strong> <strong>Gustave-Adolphe Mossa<\/strong> , alors conservateur du Mus\u00e9e Ch\u00e9ret, \u00e9tabli avec la plus grande fid\u00e9lit\u00e9, les maquettes des p\u00eacheurs, poissonni\u00e8res, paysans, bourgeois, bergers et berg\u00e8res, de la Brigue.<\/p>\n\n\n\n<p>Le r\u00e9pertoire de chansons d\u2019autrefois, les rondes de Mai, les danses de l\u2019arri\u00e8re pays, furent\u00a0retrouv\u00e9es au prix de patientes recherches et dans ce travail de reconstitution ardu, difficile et d\u00e9licat tout \u00e0 la fois, <strong>Francis Gag<\/strong> tenait \u00e0 souligner la part prise par deux personnalit\u00e9s,\u00a0qui s\u2019y donn\u00e8rent g\u00e9n\u00e9reusement : <strong>Emile Delpierre<\/strong>, <strong>compositeur et chef d\u2019orchestre<\/strong>, qui assurait la direction musicale du groupe, et <strong>le ma\u00eetre de ballet de l\u2019op\u00e9ra de Nice<\/strong>, <strong>Paul<\/strong> <strong>Durozoi<\/strong>, qui se chargea de la danse.<br><br>Ainsi, <strong>le Samedi 14 Juillet 1956<\/strong>, soit quatorze mois apr\u00e8s le banquet de \u00ab l\u2019Estocaficada \u00bb,\u00a0le groupe folklorique \u00e9tait cr\u00e9e avec le concours du Comit\u00e9 des F\u00eates de la ville de Nice.\u00a0Lors du premier Festival International du Folklore de la ville de Nice, <strong>\u00ab Nice la Belle \u00bb<\/strong> forte d\u00e9j\u00e0 de quarante membres descendait l\u2019avenue de la Victoire, se produisit sur le podium du Th\u00e9\u00e2tre de Verdure de Nice et fut applaudie chaleureusement par le public ni\u00e7ois.<br><br>Selon les propres termes de <strong>Jean Medecin<\/strong>, <strong>\u00ab la ville de Nice poss\u00e9dait un groupe digne d\u2019elle \u00bb<\/strong>; c\u2019est ainsi que l\u2019ambassadrice du Pays Ni\u00e7ois partit \u00e0 la conqu\u00eate du succ\u00e8s \u00e0\u00a0travers les villes et villages de France et de notre r\u00e9gion, puis continua sa ronde \u00e0 travers le\u00a0monde entier.<\/p>\n\n\n\n<p class=\"is-style-text-annotation is-style-text-annotation--2\">En apprendre plus sur Francis Gag via le site du <a href=\"https:\/\/www.theatrenicoisdefrancisgag.fr\/troupe-theatre-nicois-francis-gag-spectacle-nice-dialecte-nissart-oc-langue-regionale\/biographie-troupe-theatre-nicois-francis-gag-spectacle-nice-dialecte-nissart-oc-langue-regionale\" target=\"_blank\" rel=\"noreferrer noopener\"><strong>Th\u00e9\u00e2tre Ni\u00e7ois de Francis Gag<\/strong><\/a>.<\/p>\n<\/div>\n<\/div>\n","protected":false},"excerpt":{"rendered":"<p>\u00ab Nice la Belle \u00bb est un \u00abr\u00eave\u00bb qui devint r\u00e9alit\u00e9 le Samedi 28 Mai 1955, au restaurant de la R\u00e9serve \u00e0 Nice, o\u00f9 l\u2019association \u00ab l\u2019Estocaficada \u00bb c\u00e9l\u00e9brait le cinquantenaire de sa fondation, sous la pr\u00e9sidence de Jean Medecin d\u00e9put\u00e9-maire de Nice. Pour cet \u00e9v\u00e9nement, Francis Gag, d\u00e9j\u00e0 r\u00e9put\u00e9 grand homme de th\u00e9\u00e2tre et [&hellip;]<\/p>\n","protected":false},"author":1,"featured_media":191,"parent":198,"menu_order":0,"comment_status":"closed","ping_status":"closed","template":"wp-custom-template-mod-le-nlb","meta":{"_acf_changed":false,"footnotes":""},"class_list":["post-189","page","type-page","status-publish","has-post-thumbnail","hentry"],"acf":[],"_links":{"self":[{"href":"https:\/\/wp.salinas.fr\/index.php\/wp-json\/wp\/v2\/pages\/189","targetHints":{"allow":["GET"]}}],"collection":[{"href":"https:\/\/wp.salinas.fr\/index.php\/wp-json\/wp\/v2\/pages"}],"about":[{"href":"https:\/\/wp.salinas.fr\/index.php\/wp-json\/wp\/v2\/types\/page"}],"author":[{"embeddable":true,"href":"https:\/\/wp.salinas.fr\/index.php\/wp-json\/wp\/v2\/users\/1"}],"replies":[{"embeddable":true,"href":"https:\/\/wp.salinas.fr\/index.php\/wp-json\/wp\/v2\/comments?post=189"}],"version-history":[{"count":19,"href":"https:\/\/wp.salinas.fr\/index.php\/wp-json\/wp\/v2\/pages\/189\/revisions"}],"predecessor-version":[{"id":1199,"href":"https:\/\/wp.salinas.fr\/index.php\/wp-json\/wp\/v2\/pages\/189\/revisions\/1199"}],"up":[{"embeddable":true,"href":"https:\/\/wp.salinas.fr\/index.php\/wp-json\/wp\/v2\/pages\/198"}],"wp:featuredmedia":[{"embeddable":true,"href":"https:\/\/wp.salinas.fr\/index.php\/wp-json\/wp\/v2\/media\/191"}],"wp:attachment":[{"href":"https:\/\/wp.salinas.fr\/index.php\/wp-json\/wp\/v2\/media?parent=189"}],"curies":[{"name":"wp","href":"https:\/\/api.w.org\/{rel}","templated":true}]}}