{"id":135,"date":"2025-02-24T19:53:35","date_gmt":"2025-02-24T18:53:35","guid":{"rendered":"http:\/\/wp.salinas.fr\/?page_id=135"},"modified":"2025-03-01T18:06:06","modified_gmt":"2025-03-01T17:06:06","slug":"qui-sommes-nous","status":"publish","type":"page","link":"https:\/\/wp.salinas.fr\/index.php\/lassociation\/qui-sommes-nous\/","title":{"rendered":"Qui sommes-nous ?"},"content":{"rendered":"\n<p><strong>Le groupe NICE LA BELLE a \u00e9t\u00e9 cr\u00e9\u00e9 en 1956 par Francis Gag<\/strong>, Majoral du F\u00e9librige, \u00e0 la demande de Monsieur <strong>Jean M\u00e9decin<\/strong>, Maire de Nice.<\/p>\n\n\n\n<p>En 1975, <strong>Francis Gag<\/strong> confie la conduite de <strong>NICE LA BELLE<\/strong>, \u00e0 sa belle-fille, <strong>Francine<\/strong>, qui en a assur\u00e9 la pr\u00e9sidence pendant 35 ans avec toujours la m\u00eame passion.<\/p>\n\n\n\n<p>En 2010, c\u2019est <strong>Stan et Sylviane Palomba<\/strong> qui reprennent le flambeau avec dynamisme et m\u00e8nent des actions marquantes comme notamment la r\u00e9habilitation d\u2019une vieille maison ni\u00e7oise en 2015, devenue le si\u00e8ge de l\u2019association : la <strong>Maison Francine Gag<\/strong> ou encore en 2017 lorsqu\u2019ils permettent au groupe d\u2019obtenir la <strong>labellisation CIOFF (Conseil International des Organisations de Festivals de Folklore et d\u2019Arts Traditionnels)<\/strong>, partenaire officiel de<strong> l&rsquo;UNESCO<\/strong> qui \u0153uvre pour la sauvegarde, la promotion et la diffusion de la culture traditionnelle et du folklore.<\/p>\n\n\n\n<p>C&rsquo;est en juin 2021 qu\u2019ils transmettent le groupe \u00e0 <strong>Catherine Ferrandi Salinas<\/strong> et <strong>Benjamin Martinez<\/strong> qui en assurent depuis la co-pr\u00e9sidence. L&rsquo;association n&rsquo;a depuis cess\u00e9 de se d\u00e9vellopper sous leur impulsion, se professionnalisant de plus en plus dans tous les secteurs essentiels de son activit\u00e9s comme la danse, le chant, ou les costumes, que ce soit pour les adultes, ou pour les pichou\u00ef.<\/p>\n\n\n\n<p>\u200bEn 2025, apr\u00e8s 4 ann\u00e9es de bons et loyaux service, <strong>Benjamin Martinez passe le relais<\/strong>\u00a0\u00e0 <strong>Marie Gagliolo<\/strong>, arri\u00e8re-petite-fille du fondateur, pour reprendre la co-pr\u00e9sidence avec <strong>Catherine Ferrandi Salinas<\/strong>.<\/p>\n\n\n\n<p>Actuellement, le groupe est compos\u00e9 d\u2019une soixantaine de danseurs et musiciens amateurs qui conduisent une t\u00e2che de maintenance et pr\u00e9sentent aux publics les plus divers et \u00e9loign\u00e9s, une image vivante et color\u00e9e de Nice, dans le respect des coutumes et traditions locales.<\/p>\n","protected":false},"excerpt":{"rendered":"<p>Le groupe NICE LA BELLE a \u00e9t\u00e9 cr\u00e9\u00e9 en 1956 par Francis Gag, Majoral du F\u00e9librige, \u00e0 la demande de Monsieur Jean M\u00e9decin, Maire de Nice. En 1975, Francis Gag confie la conduite de NICE LA BELLE, \u00e0 sa belle-fille, Francine, qui en a assur\u00e9 la pr\u00e9sidence pendant 35 ans avec toujours la m\u00eame passion. [&hellip;]<\/p>\n","protected":false},"author":1,"featured_media":0,"parent":198,"menu_order":0,"comment_status":"closed","ping_status":"closed","template":"","meta":{"_acf_changed":false,"footnotes":""},"class_list":["post-135","page","type-page","status-publish","hentry"],"acf":[],"_links":{"self":[{"href":"https:\/\/wp.salinas.fr\/index.php\/wp-json\/wp\/v2\/pages\/135","targetHints":{"allow":["GET"]}}],"collection":[{"href":"https:\/\/wp.salinas.fr\/index.php\/wp-json\/wp\/v2\/pages"}],"about":[{"href":"https:\/\/wp.salinas.fr\/index.php\/wp-json\/wp\/v2\/types\/page"}],"author":[{"embeddable":true,"href":"https:\/\/wp.salinas.fr\/index.php\/wp-json\/wp\/v2\/users\/1"}],"replies":[{"embeddable":true,"href":"https:\/\/wp.salinas.fr\/index.php\/wp-json\/wp\/v2\/comments?post=135"}],"version-history":[{"count":2,"href":"https:\/\/wp.salinas.fr\/index.php\/wp-json\/wp\/v2\/pages\/135\/revisions"}],"predecessor-version":[{"id":137,"href":"https:\/\/wp.salinas.fr\/index.php\/wp-json\/wp\/v2\/pages\/135\/revisions\/137"}],"up":[{"embeddable":true,"href":"https:\/\/wp.salinas.fr\/index.php\/wp-json\/wp\/v2\/pages\/198"}],"wp:attachment":[{"href":"https:\/\/wp.salinas.fr\/index.php\/wp-json\/wp\/v2\/media?parent=135"}],"curies":[{"name":"wp","href":"https:\/\/api.w.org\/{rel}","templated":true}]}}